{"id":2888,"date":"2025-01-03T11:13:58","date_gmt":"2025-01-03T10:13:58","guid":{"rendered":"https:\/\/www.metalworkautomation.it\/certificazioni\/"},"modified":"2025-06-23T10:59:17","modified_gmt":"2025-06-23T08:59:17","slug":"certifications","status":"publish","type":"page","link":"https:\/\/www.metalworkautomation.it\/fr\/certifications\/","title":{"rendered":"Certifications"},"content":{"rendered":"<section class=\"l-section wpb_row height_auto width_full\"><div class=\"l-section-h i-cf\"><div class=\"g-cols vc_row via_flex valign_top type_default stacking_default\"><div class=\"vc_col-sm-12 wpb_column vc_column_container\"><div class=\"vc_column-inner\"><div class=\"wpb_wrapper\"><div class=\"w-grid type_carousel layout_429\" id=\"us_grid_1\" style=\"--gap:1.5rem;\"><style>.layout_429 .w-grid-item-h{}.layout_429 .usg_post_custom_field_1{margin-bottom:0px!important;border-bottom-width:0px!important;font-family:\"Futura Medium\"!important;color:#ffffff!important;border-bottom-style:solid!important}.layout_429 .usg_post_custom_field_2{color:#ffffff!important;font-family:\"Futura Medium\"!important;margin-top:0px!important;padding-top:0px!important}.layout_429 .usg_vwrapper_2{position:absolute!important;left:60%!important;bottom:10%!important;right:5%!important}.layout_429 .usg_post_custom_field_3{font-family:var(--font-body)!important;font-weight:300!important;margin-top:0px!important;padding-top:0px!important}<\/style><div class=\"w-grid-list owl-carousel navstyle_circle navpos_outside with_dots\">\t<article class=\"w-grid-item post-2893 slide type-slide status-publish has-post-thumbnail hentry categoria_slide-certificazioni\" data-id=\"2893\">\r\n\t\t<div class=\"w-grid-item-h\">\r\n\t\t\t\t\t\t<div class=\"w-vwrapper usg_vwrapper_1 align_left valign_top\"><div class=\"w-post-elm post_image usg_post_image_1 stretched\"><img loading=\"lazy\" decoding=\"async\" width=\"2000\" height=\"600\" src=\"https:\/\/www.metalworkautomation.it\/wp-content\/uploads\/2025\/01\/certificazioni-1.jpg\" class=\"attachment-us_1280_400_crop size-us_1280_400_crop wp-post-image\" alt=\"banner certificazioni\" srcset=\"https:\/\/www.metalworkautomation.it\/wp-content\/uploads\/2025\/01\/certificazioni-1.jpg 2000w, https:\/\/www.metalworkautomation.it\/wp-content\/uploads\/2025\/01\/certificazioni-1-300x90.jpg 300w, https:\/\/www.metalworkautomation.it\/wp-content\/uploads\/2025\/01\/certificazioni-1-1024x307.jpg 1024w\" sizes=\"auto, (max-width: 2000px) 100vw, 2000px\" \/><\/div><div class=\"w-html usg_html_1 myscript\">    \n<\/div><div class=\"w-vwrapper usg_vwrapper_2 slide-titlebox align_left valign_top\"><div class=\"w-html usg_html_2\"><font style=\"text-shadow: 1px 1px 2px #404142;\"><\/div><div class=\"w-html usg_html_3\"><\/font>\n<\/div><\/div><\/div>\t\t<\/div>\r\n\t<\/article>\r\n<\/div><div class=\"g-preloader type_1\">\r\n\t<div><\/div>\r\n<\/div>\r\n\t<div class=\"w-grid-json hidden\" onclick='return {&quot;action&quot;:&quot;us_ajax_grid&quot;,&quot;ajax_url&quot;:&quot;https:\\\/\\\/www.metalworkautomation.it\\\/wp-admin\\\/admin-ajax.php&quot;,&quot;infinite_scroll&quot;:0,&quot;max_num_pages&quot;:1,&quot;pagination&quot;:&quot;none&quot;,&quot;permalink_url&quot;:&quot;https:\\\/\\\/www.metalworkautomation.it\\\/fr\\\/wp-json\\\/wp\\\/v2\\\/pages\\\/2888\\\/&quot;,&quot;template_vars&quot;:{&quot;columns&quot;:&quot;1&quot;,&quot;exclude_items&quot;:&quot;none&quot;,&quot;img_size&quot;:&quot;default&quot;,&quot;ignore_items_size&quot;:0,&quot;items_layout&quot;:&quot;429&quot;,&quot;items_offset&quot;:&quot;1&quot;,&quot;load_animation&quot;:&quot;none&quot;,&quot;overriding_link&quot;:&quot;none&quot;,&quot;post_id&quot;:0,&quot;query_args&quot;:{&quot;post_type&quot;:[&quot;slide&quot;],&quot;tax_query&quot;:[{&quot;taxonomy&quot;:&quot;categoria_slide&quot;,&quot;field&quot;:&quot;slug&quot;,&quot;terms&quot;:[&quot;certificazioni&quot;]}],&quot;post_status&quot;:[&quot;publish&quot;,&quot;acf-disabled&quot;],&quot;posts_per_page&quot;:&quot;10&quot;},&quot;orderby_query_args&quot;:{&quot;orderby&quot;:{&quot;menu_order&quot;:&quot;DESC&quot;},&quot;order&quot;:&quot;DESC&quot;},&quot;type&quot;:&quot;carousel&quot;,&quot;us_grid_ajax_index&quot;:1,&quot;us_grid_filter_params&quot;:null,&quot;us_grid_index&quot;:1,&quot;_us_grid_post_type&quot;:&quot;slide&quot;,&quot;page_args&quot;:[],&quot;lang&quot;:&quot;fr&quot;},&quot;carousel_settings&quot;:{&quot;autoHeight&quot;:0,&quot;autoplay&quot;:0,&quot;carousel_fade&quot;:0,&quot;center&quot;:0,&quot;dots&quot;:1,&quot;items&quot;:&quot;1&quot;,&quot;loop&quot;:false,&quot;nav&quot;:0,&quot;slideby&quot;:&quot;1&quot;,&quot;smooth_play&quot;:0,&quot;speed&quot;:250,&quot;timeout&quot;:3000,&quot;transition&quot;:&quot;&quot;,&quot;aria_labels&quot;:{&quot;prev&quot;:&quot;Pr\\u00e9c\\u00e9dent&quot;,&quot;next&quot;:&quot;Suivant&quot;}},&quot;carousel_breakpoints&quot;:{&quot;0&quot;:{&quot;autoHeight&quot;:0,&quot;autoplay&quot;:1,&quot;autoplayHoverPause&quot;:1,&quot;items&quot;:1,&quot;loop&quot;:true,&quot;stagePadding&quot;:0},&quot;601&quot;:{&quot;autoHeight&quot;:0,&quot;autoplay&quot;:1,&quot;autoplayHoverPause&quot;:1,&quot;items&quot;:1,&quot;loop&quot;:true,&quot;stagePadding&quot;:0},&quot;1025&quot;:{&quot;autoHeight&quot;:0,&quot;autoplay&quot;:1,&quot;autoplayHoverPause&quot;:1,&quot;items&quot;:1,&quot;loop&quot;:true,&quot;stagePadding&quot;:0},&quot;1281&quot;:{&quot;items&quot;:1,&quot;stagePadding&quot;:0}}}'><\/div>\r\n\t<\/div><\/div><\/div><\/div><\/div><\/div><\/section><section class=\"l-section wpb_row height_small\"><div class=\"l-section-h i-cf\"><div class=\"g-cols vc_row via_flex valign_top type_default stacking_default\"><div class=\"vc_col-sm-12 wpb_column vc_column_container\"><div class=\"vc_column-inner\"><div class=\"wpb_wrapper\"><div class=\"wpb_text_column\"><div class=\"wpb_wrapper\"><h1>Certifications<\/h1>\n<p>Metal Work Automation s&rsquo;est toujours engag\u00e9e \u00e0 garantir les plus hauts standards de qualit\u00e9, de fiabilit\u00e9 et d&rsquo;innovation dans ses processus et produits. Cet engagement est formellement attest\u00e9 par la certification ISO 9001, une \u00e9tape importante qui valide nos efforts en mati\u00e8re d&rsquo;orientation client et de qualit\u00e9 du service et des performances.<\/p>\n<p>La certification ISO 9001 souligne la capacit\u00e9 de Metal Work Automation \u00e0 :<\/p>\n<ul>\n<li style=\"color: #333333;\">Adopter des processus organisationnels efficaces et bien d\u00e9finis.<\/li>\n<li style=\"color: #333333;\">Garantir des produits et services de haute qualit\u00e9, conform\u00e9ment aux attentes de nos clients.<\/li>\n<li style=\"color: #333333;\">Promouvoir une culture d&rsquo;entreprise ax\u00e9e sur l&rsquo;am\u00e9lioration continue et l&rsquo;innovation.<\/li>\n<\/ul>\n<p>Cette reconnaissance refl\u00e8te notre engagement constant \u00e0 maintenir des standards op\u00e9rationnels \u00e9lev\u00e9s et \u00e0 renforcer la confiance de nos partenaires et clients.<\/p>\n<\/div><\/div><\/div><\/div><\/div><\/div><\/div><\/section><section class=\"l-section wpb_row height_small\"><div class=\"l-section-h i-cf\"><div class=\"g-cols vc_row via_flex valign_top type_default stacking_default\"><div class=\"vc_col-sm-12 wpb_column vc_column_container\"><div class=\"vc_column-inner\"><div class=\"wpb_wrapper\"><div class=\"wpb_text_column\"><div class=\"wpb_wrapper\"><h3>Certificat<\/h3>\n<\/div><\/div><div class=\"w-iconbox iconpos_left style_default color_primary align_left no_text icontype_img\"><a target=\"_blank\" href=\"https:\/\/www.metalworkautomation.it\/wp-content\/uploads\/2025\/01\/Metal-Work-Automation-ISO-9001-EN.pdf\" rel=\"noopener\" class=\"w-iconbox-link\" aria-label=\"T\u00c9L\u00c9CHARGER LE DOCUMENT\"><div class=\"w-iconbox-icon\" style=\"font-size:50px;\"><img loading=\"lazy\" decoding=\"async\" width=\"40\" height=\"45\" src=\"https:\/\/www.metalworkautomation.it\/wp-content\/uploads\/2022\/12\/icona-pdf.png\" class=\"attachment-full size-full\" alt=\"\" \/><\/div><\/a><div class=\"w-iconbox-meta\"><a target=\"_blank\" href=\"https:\/\/www.metalworkautomation.it\/wp-content\/uploads\/2025\/01\/Metal-Work-Automation-ISO-9001-EN.pdf\" rel=\"noopener\" class=\"w-iconbox-link\" aria-label=\"T\u00c9L\u00c9CHARGER LE DOCUMENT\"><p class=\"w-iconbox-title\" style=\"font-size:18px;\">T\u00c9L\u00c9CHARGER LE DOCUMENT<\/p><\/a><\/div><\/div><div class=\"w-separator size_small\"><\/div><\/div><\/div><\/div><\/div><\/div><\/section>\n","protected":false},"excerpt":{"rendered":"","protected":false},"author":13,"featured_media":0,"parent":0,"menu_order":0,"comment_status":"closed","ping_status":"closed","template":"","meta":{"_acf_changed":false,"footnotes":""},"class_list":["post-2888","page","type-page","status-publish","hentry"],"acf":[],"yoast_head":"<!-- This site is optimized with the Yoast SEO plugin v24.1 - https:\/\/yoast.com\/wordpress\/plugins\/seo\/ -->\n<title>Certifications<\/title>\n<meta name=\"description\" content=\"D\u00e9couvrez comment Metal Work Automation garantit les plus hauts standards de qualit\u00e9 et d&#039;innovation, reconnus par la certification ISO 9001.\" \/>\n<meta name=\"robots\" content=\"index, follow, max-snippet:-1, max-image-preview:large, max-video-preview:-1\" \/>\n<link rel=\"canonical\" href=\"https:\/\/www.metalworkautomation.it\/fr\/certifications\/\" \/>\n<meta property=\"og:locale\" content=\"fr_FR\" \/>\n<meta property=\"og:type\" content=\"article\" \/>\n<meta property=\"og:title\" content=\"Certifications\" \/>\n<meta property=\"og:description\" content=\"D\u00e9couvrez comment Metal Work Automation garantit les plus hauts standards de qualit\u00e9 et d&#039;innovation, reconnus par la certification ISO 9001.\" \/>\n<meta property=\"og:url\" content=\"https:\/\/www.metalworkautomation.it\/fr\/certifications\/\" \/>\n<meta property=\"og:site_name\" content=\"Metal Work Automation\" \/>\n<meta property=\"article:modified_time\" content=\"2025-06-23T08:59:17+00:00\" \/>\n<meta name=\"twitter:card\" content=\"summary_large_image\" \/>\n<meta name=\"twitter:label1\" content=\"Dur\u00e9e de lecture estim\u00e9e\" \/>\n\t<meta name=\"twitter:data1\" content=\"2 minutes\" \/>\n<script type=\"application\/ld+json\" class=\"yoast-schema-graph\">{\"@context\":\"https:\/\/schema.org\",\"@graph\":[{\"@type\":\"WebPage\",\"@id\":\"https:\/\/www.metalworkautomation.it\/fr\/certifications\/\",\"url\":\"https:\/\/www.metalworkautomation.it\/fr\/certifications\/\",\"name\":\"Certifications\",\"isPartOf\":{\"@id\":\"https:\/\/www.metalworkautomation.it\/#website\"},\"datePublished\":\"2025-01-03T10:13:58+00:00\",\"dateModified\":\"2025-06-23T08:59:17+00:00\",\"description\":\"D\u00e9couvrez comment Metal Work Automation garantit les plus hauts standards de qualit\u00e9 et d'innovation, reconnus par la certification ISO 9001.\",\"breadcrumb\":{\"@id\":\"https:\/\/www.metalworkautomation.it\/fr\/certifications\/#breadcrumb\"},\"inLanguage\":\"fr-FR\",\"potentialAction\":[{\"@type\":\"ReadAction\",\"target\":[\"https:\/\/www.metalworkautomation.it\/fr\/certifications\/\"]}]},{\"@type\":\"BreadcrumbList\",\"@id\":\"https:\/\/www.metalworkautomation.it\/fr\/certifications\/#breadcrumb\",\"itemListElement\":[{\"@type\":\"ListItem\",\"position\":1,\"name\":\"Home\",\"item\":\"https:\/\/www.metalworkautomation.it\/fr\/\"},{\"@type\":\"ListItem\",\"position\":2,\"name\":\"Certifications\"}]},{\"@type\":\"WebSite\",\"@id\":\"https:\/\/www.metalworkautomation.it\/#website\",\"url\":\"https:\/\/www.metalworkautomation.it\/\",\"name\":\"Metal Work Automation\",\"description\":\"\",\"potentialAction\":[{\"@type\":\"SearchAction\",\"target\":{\"@type\":\"EntryPoint\",\"urlTemplate\":\"https:\/\/www.metalworkautomation.it\/?s={search_term_string}\"},\"query-input\":{\"@type\":\"PropertyValueSpecification\",\"valueRequired\":true,\"valueName\":\"search_term_string\"}}],\"inLanguage\":\"fr-FR\"}]}<\/script>\n<!-- \/ Yoast SEO plugin. -->","yoast_head_json":{"title":"Certifications","description":"D\u00e9couvrez comment Metal Work Automation garantit les plus hauts standards de qualit\u00e9 et d'innovation, reconnus par la certification ISO 9001.","robots":{"index":"index","follow":"follow","max-snippet":"max-snippet:-1","max-image-preview":"max-image-preview:large","max-video-preview":"max-video-preview:-1"},"canonical":"https:\/\/www.metalworkautomation.it\/fr\/certifications\/","og_locale":"fr_FR","og_type":"article","og_title":"Certifications","og_description":"D\u00e9couvrez comment Metal Work Automation garantit les plus hauts standards de qualit\u00e9 et d'innovation, reconnus par la certification ISO 9001.","og_url":"https:\/\/www.metalworkautomation.it\/fr\/certifications\/","og_site_name":"Metal Work Automation","article_modified_time":"2025-06-23T08:59:17+00:00","twitter_card":"summary_large_image","twitter_misc":{"Dur\u00e9e de lecture estim\u00e9e":"2 minutes"},"schema":{"@context":"https:\/\/schema.org","@graph":[{"@type":"WebPage","@id":"https:\/\/www.metalworkautomation.it\/fr\/certifications\/","url":"https:\/\/www.metalworkautomation.it\/fr\/certifications\/","name":"Certifications","isPartOf":{"@id":"https:\/\/www.metalworkautomation.it\/#website"},"datePublished":"2025-01-03T10:13:58+00:00","dateModified":"2025-06-23T08:59:17+00:00","description":"D\u00e9couvrez comment Metal Work Automation garantit les plus hauts standards de qualit\u00e9 et d'innovation, reconnus par la certification ISO 9001.","breadcrumb":{"@id":"https:\/\/www.metalworkautomation.it\/fr\/certifications\/#breadcrumb"},"inLanguage":"fr-FR","potentialAction":[{"@type":"ReadAction","target":["https:\/\/www.metalworkautomation.it\/fr\/certifications\/"]}]},{"@type":"BreadcrumbList","@id":"https:\/\/www.metalworkautomation.it\/fr\/certifications\/#breadcrumb","itemListElement":[{"@type":"ListItem","position":1,"name":"Home","item":"https:\/\/www.metalworkautomation.it\/fr\/"},{"@type":"ListItem","position":2,"name":"Certifications"}]},{"@type":"WebSite","@id":"https:\/\/www.metalworkautomation.it\/#website","url":"https:\/\/www.metalworkautomation.it\/","name":"Metal Work Automation","description":"","potentialAction":[{"@type":"SearchAction","target":{"@type":"EntryPoint","urlTemplate":"https:\/\/www.metalworkautomation.it\/?s={search_term_string}"},"query-input":{"@type":"PropertyValueSpecification","valueRequired":true,"valueName":"search_term_string"}}],"inLanguage":"fr-FR"}]}},"_links":{"self":[{"href":"https:\/\/www.metalworkautomation.it\/fr\/wp-json\/wp\/v2\/pages\/2888","targetHints":{"allow":["GET"]}}],"collection":[{"href":"https:\/\/www.metalworkautomation.it\/fr\/wp-json\/wp\/v2\/pages"}],"about":[{"href":"https:\/\/www.metalworkautomation.it\/fr\/wp-json\/wp\/v2\/types\/page"}],"author":[{"embeddable":true,"href":"https:\/\/www.metalworkautomation.it\/fr\/wp-json\/wp\/v2\/users\/13"}],"replies":[{"embeddable":true,"href":"https:\/\/www.metalworkautomation.it\/fr\/wp-json\/wp\/v2\/comments?post=2888"}],"version-history":[{"count":5,"href":"https:\/\/www.metalworkautomation.it\/fr\/wp-json\/wp\/v2\/pages\/2888\/revisions"}],"predecessor-version":[{"id":2911,"href":"https:\/\/www.metalworkautomation.it\/fr\/wp-json\/wp\/v2\/pages\/2888\/revisions\/2911"}],"wp:attachment":[{"href":"https:\/\/www.metalworkautomation.it\/fr\/wp-json\/wp\/v2\/media?parent=2888"}],"curies":[{"name":"wp","href":"https:\/\/api.w.org\/{rel}","templated":true}]}}