{"id":2655,"date":"2019-06-10T10:49:41","date_gmt":"2019-06-10T08:49:41","guid":{"rendered":"https:\/\/www.metalworkautomation.it\/azienda\/"},"modified":"2023-02-27T14:23:29","modified_gmt":"2023-02-27T13:23:29","slug":"societe","status":"publish","type":"page","link":"https:\/\/www.metalworkautomation.it\/fr\/societe\/","title":{"rendered":"La soci\u00e9t\u00e9"},"content":{"rendered":"<section class=\"l-section wpb_row slidesection height_auto width_full\"><div class=\"l-section-h i-cf\"><div class=\"g-cols vc_row via_flex valign_top type_default stacking_default\"><div class=\"vc_col-sm-12 wpb_column vc_column_container\"><div class=\"vc_column-inner\"><div class=\"wpb_wrapper\"><div class=\"w-grid type_carousel layout_429\" id=\"us_grid_1\" style=\"--gap:1.5rem;\"><style>.layout_429 .w-grid-item-h{}.layout_429 .usg_post_custom_field_1{margin-bottom:0px!important;border-bottom-width:0px!important;font-family:\"Futura Medium\"!important;color:#ffffff!important;border-bottom-style:solid!important}.layout_429 .usg_post_custom_field_2{color:#ffffff!important;font-family:\"Futura Medium\"!important;margin-top:0px!important;padding-top:0px!important}.layout_429 .usg_vwrapper_2{position:absolute!important;left:60%!important;bottom:10%!important;right:5%!important}.layout_429 .usg_post_custom_field_3{font-family:var(--font-body)!important;font-weight:300!important;margin-top:0px!important;padding-top:0px!important}<\/style><div class=\"w-grid-list owl-carousel navstyle_circle navpos_outside with_dots\">\t<article class=\"w-grid-item post-2666 slide type-slide status-publish has-post-thumbnail hentry categoria_slide-chi-siamo\" data-id=\"2666\">\r\n\t\t<div class=\"w-grid-item-h\">\r\n\t\t\t\t\t\t<div class=\"w-vwrapper usg_vwrapper_1 align_left valign_top\"><div class=\"w-post-elm post_image usg_post_image_1 stretched\"><img loading=\"lazy\" decoding=\"async\" width=\"2000\" height=\"600\" src=\"https:\/\/www.metalworkautomation.it\/wp-content\/uploads\/2019\/10\/banner-chi-siamo.jpg\" class=\"attachment-us_1280_700_crop size-us_1280_700_crop wp-post-image\" alt=\"Sede Metal Work Automation\" srcset=\"https:\/\/www.metalworkautomation.it\/wp-content\/uploads\/2019\/10\/banner-chi-siamo.jpg 2000w, https:\/\/www.metalworkautomation.it\/wp-content\/uploads\/2019\/10\/banner-chi-siamo-300x90.jpg 300w, https:\/\/www.metalworkautomation.it\/wp-content\/uploads\/2019\/10\/banner-chi-siamo-1024x307.jpg 1024w\" sizes=\"auto, (max-width: 2000px) 100vw, 2000px\" \/><\/div><div class=\"w-html usg_html_1 myscript\">    \n<\/div><div class=\"w-vwrapper usg_vwrapper_2 slide-titlebox align_left valign_top\"><div class=\"w-html usg_html_2\"><font style=\"text-shadow: 1px 1px 2px #404142;\"><\/div><div class=\"w-html usg_html_3\"><\/font>\n<\/div><\/div><\/div>\t\t<\/div>\r\n\t<\/article>\r\n<\/div><div class=\"g-preloader type_1\">\r\n\t<div><\/div>\r\n<\/div>\r\n\t<div class=\"w-grid-json hidden\" onclick='return {&quot;action&quot;:&quot;us_ajax_grid&quot;,&quot;ajax_url&quot;:&quot;https:\\\/\\\/www.metalworkautomation.it\\\/wp-admin\\\/admin-ajax.php&quot;,&quot;infinite_scroll&quot;:0,&quot;max_num_pages&quot;:1,&quot;pagination&quot;:&quot;none&quot;,&quot;permalink_url&quot;:&quot;https:\\\/\\\/www.metalworkautomation.it\\\/fr\\\/wp-json\\\/wp\\\/v2\\\/pages\\\/2655\\\/&quot;,&quot;template_vars&quot;:{&quot;columns&quot;:&quot;1&quot;,&quot;exclude_items&quot;:&quot;none&quot;,&quot;img_size&quot;:&quot;us_1280_700_crop&quot;,&quot;ignore_items_size&quot;:0,&quot;items_layout&quot;:&quot;429&quot;,&quot;items_offset&quot;:&quot;1&quot;,&quot;load_animation&quot;:&quot;none&quot;,&quot;overriding_link&quot;:&quot;none&quot;,&quot;post_id&quot;:0,&quot;query_args&quot;:{&quot;post_type&quot;:[&quot;slide&quot;],&quot;tax_query&quot;:[{&quot;taxonomy&quot;:&quot;categoria_slide&quot;,&quot;field&quot;:&quot;slug&quot;,&quot;terms&quot;:[&quot;chi-siamo&quot;]}],&quot;post_status&quot;:[&quot;publish&quot;,&quot;acf-disabled&quot;],&quot;posts_per_page&quot;:&quot;10&quot;},&quot;orderby_query_args&quot;:{&quot;orderby&quot;:{&quot;menu_order&quot;:&quot;DESC&quot;},&quot;order&quot;:&quot;DESC&quot;},&quot;type&quot;:&quot;carousel&quot;,&quot;us_grid_ajax_index&quot;:1,&quot;us_grid_filter_params&quot;:null,&quot;us_grid_index&quot;:1,&quot;_us_grid_post_type&quot;:&quot;slide&quot;,&quot;page_args&quot;:[],&quot;lang&quot;:&quot;fr&quot;},&quot;carousel_settings&quot;:{&quot;autoHeight&quot;:0,&quot;autoplay&quot;:0,&quot;carousel_fade&quot;:0,&quot;center&quot;:0,&quot;dots&quot;:1,&quot;items&quot;:&quot;1&quot;,&quot;loop&quot;:false,&quot;nav&quot;:0,&quot;slideby&quot;:&quot;1&quot;,&quot;smooth_play&quot;:0,&quot;speed&quot;:250,&quot;timeout&quot;:3000,&quot;transition&quot;:&quot;&quot;,&quot;aria_labels&quot;:{&quot;prev&quot;:&quot;Pr\\u00e9c\\u00e9dent&quot;,&quot;next&quot;:&quot;Suivant&quot;}},&quot;carousel_breakpoints&quot;:{&quot;0&quot;:{&quot;autoHeight&quot;:0,&quot;autoplay&quot;:1,&quot;autoplayHoverPause&quot;:1,&quot;items&quot;:1,&quot;loop&quot;:true,&quot;stagePadding&quot;:0},&quot;601&quot;:{&quot;autoHeight&quot;:0,&quot;autoplay&quot;:1,&quot;autoplayHoverPause&quot;:1,&quot;items&quot;:1,&quot;loop&quot;:true,&quot;stagePadding&quot;:0},&quot;1025&quot;:{&quot;autoHeight&quot;:0,&quot;autoplay&quot;:1,&quot;autoplayHoverPause&quot;:1,&quot;items&quot;:1,&quot;loop&quot;:true,&quot;stagePadding&quot;:0},&quot;1281&quot;:{&quot;items&quot;:1,&quot;stagePadding&quot;:0}}}'><\/div>\r\n\t<\/div><\/div><\/div><\/div><\/div><\/div><\/section><section class=\"l-section wpb_row height_small\"><div class=\"l-section-h i-cf\"><div class=\"g-cols vc_row via_flex valign_top type_default stacking_default\"><div class=\"vc_col-sm-12 wpb_column vc_column_container\"><div class=\"vc_column-inner\"><div class=\"wpb_wrapper\"><div class=\"g-cols wpb_row via_flex valign_top type_default stacking_default\"><div class=\"vc_col-sm-12 wpb_column vc_column_container\"><div class=\"vc_column-inner\"><div class=\"wpb_wrapper\"><div class=\"wpb_text_column\"><div class=\"wpb_wrapper\"><h1>\u00c0 propos de nous<\/h1>\n<\/div><\/div><div class=\"wpb_text_column\"><div class=\"wpb_wrapper\"><p>Metal Work Automation est une entreprise avec quarante ans d\u2019exp\u00e9rience dans le secteur de l\u2019automatisation, fortement orient\u00e9e vers la r\u00e9alisation de projets con\u00e7us sur les exigences sp\u00e9cifiques des clients.<\/p>\n<p>Comp\u00e9tence, efficacit\u00e9 et flexibilit\u00e9 garantissent la pleine satisfaction du client, de l\u2019id\u00e9e au projet, de la construction \u00e0 l\u2019essai, de l\u2019assistance \u00e0 la documentation technique, dans le strict respect des normes en vigueur.<\/p>\n<\/div><\/div><\/div><\/div><\/div><\/div><\/div><\/div><\/div><\/div><\/div><\/section><section class=\"l-section wpb_row height_small\"><div class=\"l-section-h i-cf\"><div class=\"g-cols vc_row via_flex valign_top type_default stacking_default\"><div class=\"vc_col-sm-12 wpb_column vc_column_container\"><div class=\"vc_column-inner\"><div class=\"wpb_wrapper\"><div class=\"w-slider style_none fit_scaledown\"><div class=\"w-slider-h\"><div class=\"royalSlider\"><div class=\"rsContent\"><a class=\"rsImg\" data-rsw=\"1200\" data-rsh=\"800\" href=\"https:\/\/www.metalworkautomation.it\/wp-content\/uploads\/2022\/11\/gruppo-chi-siamo-1.jpg\"><span data-alt=\"\"><\/span><\/a><\/div><\/div><img decoding=\"async\" src=\"https:\/\/www.metalworkautomation.it\/wp-content\/uploads\/2022\/11\/gruppo-chi-siamo-1.jpg\" width=\"1200\" height=\"800\" alt loading=\"lazy\"><\/div><div class=\"w-slider-json\" onclick='return {&quot;autoScaleSlider&quot;:true,&quot;loop&quot;:true,&quot;fadeInLoadedSlide&quot;:false,&quot;slidesSpacing&quot;:0,&quot;imageScalePadding&quot;:0,&quot;numImagesToPreload&quot;:2,&quot;arrowsNav&quot;:true,&quot;arrowsNavAutoHide&quot;:true,&quot;transitionType&quot;:&quot;move&quot;,&quot;transitionSpeed&quot;:250,&quot;block&quot;:{&quot;moveEffect&quot;:&quot;none&quot;,&quot;speed&quot;:300},&quot;thumbs&quot;:{&quot;fitInViewport&quot;:false},&quot;controlNavigation&quot;:&quot;none&quot;,&quot;imageScaleMode&quot;:&quot;fit-if-smaller&quot;,&quot;autoScaleSliderWidth&quot;:1200,&quot;autoScaleSliderHeight&quot;:800}'><\/div><\/div><\/div><\/div><\/div><\/div><\/div><\/section>\n","protected":false},"excerpt":{"rendered":"","protected":false},"author":11,"featured_media":0,"parent":0,"menu_order":0,"comment_status":"closed","ping_status":"closed","template":"","meta":{"_acf_changed":false,"footnotes":""},"class_list":["post-2655","page","type-page","status-publish","hentry"],"acf":[],"yoast_head":"<!-- This site is optimized with the Yoast SEO plugin v24.1 - https:\/\/yoast.com\/wordpress\/plugins\/seo\/ -->\n<title>La soci\u00e9t\u00e9 - Metal Work Automation<\/title>\n<meta name=\"description\" content=\"Metal Work Automation est une entreprise avec quarante ans d\u2019exp\u00e9rience dans le secteur de l\u2019automatisation, bas\u00e9e \u00e0 Concesio (BS) - Italie.\" \/>\n<meta name=\"robots\" content=\"index, follow, max-snippet:-1, max-image-preview:large, max-video-preview:-1\" \/>\n<link rel=\"canonical\" href=\"https:\/\/www.metalworkautomation.it\/fr\/societe\/\" \/>\n<meta property=\"og:locale\" content=\"fr_FR\" \/>\n<meta property=\"og:type\" content=\"article\" \/>\n<meta property=\"og:title\" content=\"La soci\u00e9t\u00e9 - Metal Work Automation\" \/>\n<meta property=\"og:description\" content=\"Metal Work Automation est une entreprise avec quarante ans d\u2019exp\u00e9rience dans le secteur de l\u2019automatisation, bas\u00e9e \u00e0 Concesio (BS) - Italie.\" \/>\n<meta property=\"og:url\" content=\"https:\/\/www.metalworkautomation.it\/fr\/societe\/\" \/>\n<meta property=\"og:site_name\" content=\"Metal Work Automation\" \/>\n<meta property=\"article:modified_time\" content=\"2023-02-27T13:23:29+00:00\" \/>\n<meta name=\"twitter:card\" content=\"summary_large_image\" \/>\n<meta name=\"twitter:label1\" content=\"Dur\u00e9e de lecture estim\u00e9e\" \/>\n\t<meta name=\"twitter:data1\" content=\"1 minute\" \/>\n<script type=\"application\/ld+json\" class=\"yoast-schema-graph\">{\"@context\":\"https:\/\/schema.org\",\"@graph\":[{\"@type\":\"WebPage\",\"@id\":\"https:\/\/www.metalworkautomation.it\/fr\/societe\/\",\"url\":\"https:\/\/www.metalworkautomation.it\/fr\/societe\/\",\"name\":\"La soci\u00e9t\u00e9 - Metal Work Automation\",\"isPartOf\":{\"@id\":\"https:\/\/www.metalworkautomation.it\/#website\"},\"datePublished\":\"2019-06-10T08:49:41+00:00\",\"dateModified\":\"2023-02-27T13:23:29+00:00\",\"description\":\"Metal Work Automation est une entreprise avec quarante ans d\u2019exp\u00e9rience dans le secteur de l\u2019automatisation, bas\u00e9e \u00e0 Concesio (BS) - Italie.\",\"breadcrumb\":{\"@id\":\"https:\/\/www.metalworkautomation.it\/fr\/societe\/#breadcrumb\"},\"inLanguage\":\"fr-FR\",\"potentialAction\":[{\"@type\":\"ReadAction\",\"target\":[\"https:\/\/www.metalworkautomation.it\/fr\/societe\/\"]}]},{\"@type\":\"BreadcrumbList\",\"@id\":\"https:\/\/www.metalworkautomation.it\/fr\/societe\/#breadcrumb\",\"itemListElement\":[{\"@type\":\"ListItem\",\"position\":1,\"name\":\"Home\",\"item\":\"https:\/\/www.metalworkautomation.it\/fr\/\"},{\"@type\":\"ListItem\",\"position\":2,\"name\":\"La soci\u00e9t\u00e9\"}]},{\"@type\":\"WebSite\",\"@id\":\"https:\/\/www.metalworkautomation.it\/#website\",\"url\":\"https:\/\/www.metalworkautomation.it\/\",\"name\":\"Metal Work Automation\",\"description\":\"\",\"potentialAction\":[{\"@type\":\"SearchAction\",\"target\":{\"@type\":\"EntryPoint\",\"urlTemplate\":\"https:\/\/www.metalworkautomation.it\/?s={search_term_string}\"},\"query-input\":{\"@type\":\"PropertyValueSpecification\",\"valueRequired\":true,\"valueName\":\"search_term_string\"}}],\"inLanguage\":\"fr-FR\"}]}<\/script>\n<!-- \/ Yoast SEO plugin. -->","yoast_head_json":{"title":"La soci\u00e9t\u00e9 - Metal Work Automation","description":"Metal Work Automation est une entreprise avec quarante ans d\u2019exp\u00e9rience dans le secteur de l\u2019automatisation, bas\u00e9e \u00e0 Concesio (BS) - Italie.","robots":{"index":"index","follow":"follow","max-snippet":"max-snippet:-1","max-image-preview":"max-image-preview:large","max-video-preview":"max-video-preview:-1"},"canonical":"https:\/\/www.metalworkautomation.it\/fr\/societe\/","og_locale":"fr_FR","og_type":"article","og_title":"La soci\u00e9t\u00e9 - Metal Work Automation","og_description":"Metal Work Automation est une entreprise avec quarante ans d\u2019exp\u00e9rience dans le secteur de l\u2019automatisation, bas\u00e9e \u00e0 Concesio (BS) - Italie.","og_url":"https:\/\/www.metalworkautomation.it\/fr\/societe\/","og_site_name":"Metal Work Automation","article_modified_time":"2023-02-27T13:23:29+00:00","twitter_card":"summary_large_image","twitter_misc":{"Dur\u00e9e de lecture estim\u00e9e":"1 minute"},"schema":{"@context":"https:\/\/schema.org","@graph":[{"@type":"WebPage","@id":"https:\/\/www.metalworkautomation.it\/fr\/societe\/","url":"https:\/\/www.metalworkautomation.it\/fr\/societe\/","name":"La soci\u00e9t\u00e9 - Metal Work Automation","isPartOf":{"@id":"https:\/\/www.metalworkautomation.it\/#website"},"datePublished":"2019-06-10T08:49:41+00:00","dateModified":"2023-02-27T13:23:29+00:00","description":"Metal Work Automation est une entreprise avec quarante ans d\u2019exp\u00e9rience dans le secteur de l\u2019automatisation, bas\u00e9e \u00e0 Concesio (BS) - Italie.","breadcrumb":{"@id":"https:\/\/www.metalworkautomation.it\/fr\/societe\/#breadcrumb"},"inLanguage":"fr-FR","potentialAction":[{"@type":"ReadAction","target":["https:\/\/www.metalworkautomation.it\/fr\/societe\/"]}]},{"@type":"BreadcrumbList","@id":"https:\/\/www.metalworkautomation.it\/fr\/societe\/#breadcrumb","itemListElement":[{"@type":"ListItem","position":1,"name":"Home","item":"https:\/\/www.metalworkautomation.it\/fr\/"},{"@type":"ListItem","position":2,"name":"La soci\u00e9t\u00e9"}]},{"@type":"WebSite","@id":"https:\/\/www.metalworkautomation.it\/#website","url":"https:\/\/www.metalworkautomation.it\/","name":"Metal Work Automation","description":"","potentialAction":[{"@type":"SearchAction","target":{"@type":"EntryPoint","urlTemplate":"https:\/\/www.metalworkautomation.it\/?s={search_term_string}"},"query-input":{"@type":"PropertyValueSpecification","valueRequired":true,"valueName":"search_term_string"}}],"inLanguage":"fr-FR"}]}},"_links":{"self":[{"href":"https:\/\/www.metalworkautomation.it\/fr\/wp-json\/wp\/v2\/pages\/2655","targetHints":{"allow":["GET"]}}],"collection":[{"href":"https:\/\/www.metalworkautomation.it\/fr\/wp-json\/wp\/v2\/pages"}],"about":[{"href":"https:\/\/www.metalworkautomation.it\/fr\/wp-json\/wp\/v2\/types\/page"}],"author":[{"embeddable":true,"href":"https:\/\/www.metalworkautomation.it\/fr\/wp-json\/wp\/v2\/users\/11"}],"replies":[{"embeddable":true,"href":"https:\/\/www.metalworkautomation.it\/fr\/wp-json\/wp\/v2\/comments?post=2655"}],"version-history":[{"count":3,"href":"https:\/\/www.metalworkautomation.it\/fr\/wp-json\/wp\/v2\/pages\/2655\/revisions"}],"predecessor-version":[{"id":2754,"href":"https:\/\/www.metalworkautomation.it\/fr\/wp-json\/wp\/v2\/pages\/2655\/revisions\/2754"}],"wp:attachment":[{"href":"https:\/\/www.metalworkautomation.it\/fr\/wp-json\/wp\/v2\/media?parent=2655"}],"curies":[{"name":"wp","href":"https:\/\/api.w.org\/{rel}","templated":true}]}}