{"id":2648,"date":"2019-06-10T10:23:52","date_gmt":"2019-06-10T08:23:52","guid":{"rendered":"https:\/\/www.metalworkautomation.it\/home\/"},"modified":"2025-06-23T11:59:02","modified_gmt":"2025-06-23T09:59:02","slug":"metal-work-automation","status":"publish","type":"page","link":"https:\/\/www.metalworkautomation.it\/fr\/","title":{"rendered":"Home"},"content":{"rendered":"<section class=\"l-section wpb_row slidesection height_auto width_full\"><div class=\"l-section-h i-cf\"><div class=\"g-cols vc_row via_flex valign_top type_default stacking_default\"><div class=\"vc_col-sm-12 wpb_column vc_column_container\"><div class=\"vc_column-inner\"><div class=\"wpb_wrapper\"><div class=\"w-grid type_carousel layout_429\" id=\"us_grid_1\" style=\"--gap:1.5rem;\"><style>.layout_429 .w-grid-item-h{}.layout_429 .usg_post_custom_field_1{margin-bottom:0px!important;border-bottom-width:0px!important;font-family:\"Futura Medium\"!important;color:#ffffff!important;border-bottom-style:solid!important}.layout_429 .usg_post_custom_field_2{color:#ffffff!important;font-family:\"Futura Medium\"!important;margin-top:0px!important;padding-top:0px!important}.layout_429 .usg_vwrapper_2{position:absolute!important;left:60%!important;bottom:10%!important;right:5%!important}.layout_429 .usg_post_custom_field_3{font-family:var(--font-body)!important;font-weight:300!important;margin-top:0px!important;padding-top:0px!important}<\/style><div class=\"w-grid-list owl-carousel navstyle_circle navpos_outside with_dots\">\t<article class=\"w-grid-item post-2668 slide type-slide status-publish has-post-thumbnail hentry categoria_slide-home\" data-id=\"2668\">\r\n\t\t<div class=\"w-grid-item-h\">\r\n\t\t\t\t\t\t<div class=\"w-vwrapper usg_vwrapper_1 align_left valign_top\"><div class=\"w-post-elm post_image usg_post_image_1 stretched\"><img loading=\"lazy\" decoding=\"async\" width=\"2000\" height=\"700\" src=\"https:\/\/www.metalworkautomation.it\/wp-content\/uploads\/2019\/06\/banner-homepage-1.jpg\" class=\"attachment-us_1280_700_crop size-us_1280_700_crop wp-post-image\" alt=\"macchinario Metal Work Automation\" srcset=\"https:\/\/www.metalworkautomation.it\/wp-content\/uploads\/2019\/06\/banner-homepage-1.jpg 2000w, https:\/\/www.metalworkautomation.it\/wp-content\/uploads\/2019\/06\/banner-homepage-1-300x105.jpg 300w, https:\/\/www.metalworkautomation.it\/wp-content\/uploads\/2019\/06\/banner-homepage-1-1024x358.jpg 1024w\" sizes=\"auto, (max-width: 2000px) 100vw, 2000px\" \/><\/div><div class=\"w-html usg_html_1 myscript\">    \n<\/div><div class=\"w-vwrapper usg_vwrapper_2 slide-titlebox align_left valign_top\"><div class=\"w-html usg_html_2\"><font style=\"text-shadow: 1px 1px 2px #404142;\"><\/div><div class=\"w-html usg_html_3\"><\/font>\n<\/div><\/div><\/div>\t\t<\/div>\r\n\t<\/article>\r\n<\/div><div class=\"g-preloader type_1\">\r\n\t<div><\/div>\r\n<\/div>\r\n\t<div class=\"w-grid-json hidden\" onclick='return {&quot;action&quot;:&quot;us_ajax_grid&quot;,&quot;ajax_url&quot;:&quot;https:\\\/\\\/www.metalworkautomation.it\\\/wp-admin\\\/admin-ajax.php&quot;,&quot;infinite_scroll&quot;:0,&quot;max_num_pages&quot;:1,&quot;pagination&quot;:&quot;none&quot;,&quot;permalink_url&quot;:&quot;https:\\\/\\\/www.metalworkautomation.it\\\/fr\\\/wp-json\\\/wp\\\/v2\\\/pages\\\/2648\\\/&quot;,&quot;template_vars&quot;:{&quot;columns&quot;:&quot;1&quot;,&quot;exclude_items&quot;:&quot;none&quot;,&quot;img_size&quot;:&quot;us_1280_700_crop&quot;,&quot;ignore_items_size&quot;:0,&quot;items_layout&quot;:&quot;429&quot;,&quot;items_offset&quot;:&quot;1&quot;,&quot;load_animation&quot;:&quot;none&quot;,&quot;overriding_link&quot;:&quot;none&quot;,&quot;post_id&quot;:0,&quot;query_args&quot;:{&quot;post_type&quot;:[&quot;slide&quot;],&quot;tax_query&quot;:[{&quot;taxonomy&quot;:&quot;categoria_slide&quot;,&quot;field&quot;:&quot;slug&quot;,&quot;terms&quot;:[&quot;home&quot;]}],&quot;post_status&quot;:[&quot;publish&quot;,&quot;acf-disabled&quot;],&quot;posts_per_page&quot;:&quot;10&quot;},&quot;orderby_query_args&quot;:{&quot;orderby&quot;:{&quot;menu_order&quot;:&quot;DESC&quot;},&quot;order&quot;:&quot;DESC&quot;},&quot;type&quot;:&quot;carousel&quot;,&quot;us_grid_ajax_index&quot;:1,&quot;us_grid_filter_params&quot;:null,&quot;us_grid_index&quot;:1,&quot;_us_grid_post_type&quot;:&quot;slide&quot;,&quot;page_args&quot;:[],&quot;lang&quot;:&quot;fr&quot;},&quot;carousel_settings&quot;:{&quot;autoHeight&quot;:0,&quot;autoplay&quot;:0,&quot;carousel_fade&quot;:0,&quot;center&quot;:0,&quot;dots&quot;:1,&quot;items&quot;:&quot;1&quot;,&quot;loop&quot;:false,&quot;nav&quot;:0,&quot;slideby&quot;:&quot;1&quot;,&quot;smooth_play&quot;:0,&quot;speed&quot;:250,&quot;timeout&quot;:3000,&quot;transition&quot;:&quot;&quot;,&quot;aria_labels&quot;:{&quot;prev&quot;:&quot;Pr\\u00e9c\\u00e9dent&quot;,&quot;next&quot;:&quot;Suivant&quot;}},&quot;carousel_breakpoints&quot;:{&quot;0&quot;:{&quot;autoHeight&quot;:0,&quot;autoplay&quot;:1,&quot;autoplayHoverPause&quot;:1,&quot;items&quot;:1,&quot;loop&quot;:true,&quot;stagePadding&quot;:0},&quot;601&quot;:{&quot;autoHeight&quot;:0,&quot;autoplay&quot;:1,&quot;autoplayHoverPause&quot;:1,&quot;items&quot;:1,&quot;loop&quot;:true,&quot;stagePadding&quot;:0},&quot;1025&quot;:{&quot;autoHeight&quot;:0,&quot;autoplay&quot;:1,&quot;autoplayHoverPause&quot;:1,&quot;items&quot;:1,&quot;loop&quot;:true,&quot;stagePadding&quot;:0},&quot;1281&quot;:{&quot;items&quot;:1,&quot;stagePadding&quot;:0}}}'><\/div>\r\n\t<\/div><\/div><\/div><\/div><\/div><\/div><\/section><section class=\"l-section wpb_row height_small\"><div class=\"l-section-h i-cf\"><div class=\"g-cols vc_row via_flex valign_top type_default stacking_default\"><div class=\"vc_col-sm-12 wpb_column vc_column_container\"><div class=\"vc_column-inner\"><div class=\"wpb_wrapper\"><div class=\"wpb_text_column\"><div class=\"wpb_wrapper\"><h3 class=\"LC20lb MBeuO DKV0Md\">\u00c0 propos de nous<\/h3>\n<\/div><\/div><div class=\"wpb_text_column\"><div class=\"wpb_wrapper\"><p>Metal Work Automation est une entreprise avec quarante ans d\u2019exp\u00e9rience dans le secteur de l\u2019automatisation, fortement orient\u00e9e vers la r\u00e9alisation de projets con\u00e7us sur les exigences sp\u00e9cifiques des clients.<\/p>\n<\/div><\/div><div class=\"wpb_text_column\"><div class=\"wpb_wrapper\"><p><a href=\"https:\/\/www.metalworkautomation.it\/fr\/societe\/\"><u>En savoir plus<\/u><\/a><\/p>\n<\/div><\/div><\/div><\/div><\/div><\/div><\/div><\/section><section class=\"l-section wpb_row us_custom_32eac2cb has_text_color height_small\"><div class=\"l-section-overlay\" style=\"background:rgba(0,0,0,0.75)\"><\/div><div class=\"l-section-h i-cf\"><div class=\"g-cols vc_row via_flex valign_top type_default stacking_default\"><div class=\"vc_col-sm-12 wpb_column vc_column_container\"><div class=\"vc_column-inner\"><div class=\"wpb_wrapper\"><div class=\"g-cols wpb_row via_flex valign_top type_default stacking_default\"><div class=\"vc_col-sm-12 wpb_column vc_column_container\"><div class=\"vc_column-inner\"><div class=\"wpb_wrapper\"><div class=\"wpb_text_column\"><div class=\"wpb_wrapper\"><h3 style=\"text-align: center;\"><span style=\"color: #eb5c27;\">Produits et Projets<\/span><\/h3>\n<\/div><\/div><div class=\"w-separator size_medium\"><\/div><\/div><\/div><\/div><\/div><div class=\"g-cols wpb_row via_flex valign_top type_default stacking_default\"><div class=\"vc_col-sm-3 wpb_column vc_column_container\"><div class=\"vc_column-inner\"><div class=\"wpb_wrapper\"><div class=\"w-iconbox iconpos_top style_default color_primary align_center no_text icontype_img\"><a title=\"Macchina CK-CK\" href=\"https:\/\/www.metalworkautomation.it\/fr\/prodotti-e-progetti\/machines-automatiques-assemblage\/\" class=\"w-iconbox-link\" aria-label=\"MACHINES AUTOMATIQUES D\u2019ASSEMBLAGE\"><div class=\"w-iconbox-icon\" style=\"font-size:200px;\"><img loading=\"lazy\" decoding=\"async\" width=\"200\" height=\"200\" src=\"https:\/\/www.metalworkautomation.it\/wp-content\/uploads\/2022\/11\/Macchine-automatiche-assemblaggio-home.jpg\" class=\"attachment-full size-full\" alt=\"\" srcset=\"https:\/\/www.metalworkautomation.it\/wp-content\/uploads\/2022\/11\/Macchine-automatiche-assemblaggio-home.jpg 200w, https:\/\/www.metalworkautomation.it\/wp-content\/uploads\/2022\/11\/Macchine-automatiche-assemblaggio-home-150x150.jpg 150w\" sizes=\"auto, (max-width: 200px) 100vw, 200px\" \/><\/div><\/a><div class=\"w-iconbox-meta\"><a title=\"Macchina CK-CK\" href=\"https:\/\/www.metalworkautomation.it\/fr\/prodotti-e-progetti\/machines-automatiques-assemblage\/\" class=\"w-iconbox-link\" aria-label=\"MACHINES AUTOMATIQUES D\u2019ASSEMBLAGE\"><p class=\"w-iconbox-title\">MACHINES AUTOMATIQUES D\u2019ASSEMBLAGE<\/p><\/a><\/div><\/div><\/div><\/div><\/div><div class=\"vc_col-sm-3 wpb_column vc_column_container\"><div class=\"vc_column-inner\"><div class=\"wpb_wrapper\"><div class=\"w-iconbox iconpos_top style_default color_primary align_center no_text icontype_img\"><a title=\"Isola robotizzata - A\" href=\"https:\/\/www.metalworkautomation.it\/fr\/prodotti-e-progetti\/machines-automatiques-assemblage-et-essai\/\" class=\"w-iconbox-link\" aria-label=\"MACHINES AUTOMATIQUES D\u2019ASSEMBLAGE ET D\u2019ESSAI\"><div class=\"w-iconbox-icon\" style=\"font-size:200px;\"><img loading=\"lazy\" decoding=\"async\" width=\"200\" height=\"200\" src=\"https:\/\/www.metalworkautomation.it\/wp-content\/uploads\/2022\/11\/Macchine-automatiche-assemblaggio-collaudo-home.jpg\" class=\"attachment-full size-full\" alt=\"\" srcset=\"https:\/\/www.metalworkautomation.it\/wp-content\/uploads\/2022\/11\/Macchine-automatiche-assemblaggio-collaudo-home.jpg 200w, https:\/\/www.metalworkautomation.it\/wp-content\/uploads\/2022\/11\/Macchine-automatiche-assemblaggio-collaudo-home-150x150.jpg 150w\" sizes=\"auto, (max-width: 200px) 100vw, 200px\" \/><\/div><\/a><div class=\"w-iconbox-meta\"><a title=\"Isola robotizzata - A\" href=\"https:\/\/www.metalworkautomation.it\/fr\/prodotti-e-progetti\/machines-automatiques-assemblage-et-essai\/\" class=\"w-iconbox-link\" aria-label=\"MACHINES AUTOMATIQUES D\u2019ASSEMBLAGE ET D\u2019ESSAI\"><p class=\"w-iconbox-title\">MACHINES AUTOMATIQUES D\u2019ASSEMBLAGE ET D\u2019ESSAI<\/p><\/a><\/div><\/div><\/div><\/div><\/div><div class=\"vc_col-sm-3 wpb_column vc_column_container\"><div class=\"vc_column-inner\"><div class=\"wpb_wrapper\"><div class=\"w-iconbox iconpos_top style_default color_primary align_center no_text icontype_img\"><a title=\"Isola robotizzata - B\" href=\"https:\/\/www.metalworkautomation.it\/fr\/prodotti-e-progetti\/lignes-montage-semi-automatiques\/\" class=\"w-iconbox-link\" aria-label=\"LIGNES DE MONTAGE SEMI-AUTOMATIQUES\"><div class=\"w-iconbox-icon\" style=\"font-size:200px;\"><img loading=\"lazy\" decoding=\"async\" width=\"200\" height=\"200\" src=\"https:\/\/www.metalworkautomation.it\/wp-content\/uploads\/2022\/11\/Linee-assemblaggio-semiautomatiche-home.jpg\" class=\"attachment-full size-full\" alt=\"\" srcset=\"https:\/\/www.metalworkautomation.it\/wp-content\/uploads\/2022\/11\/Linee-assemblaggio-semiautomatiche-home.jpg 200w, https:\/\/www.metalworkautomation.it\/wp-content\/uploads\/2022\/11\/Linee-assemblaggio-semiautomatiche-home-150x150.jpg 150w\" sizes=\"auto, (max-width: 200px) 100vw, 200px\" \/><\/div><\/a><div class=\"w-iconbox-meta\"><a title=\"Isola robotizzata - B\" href=\"https:\/\/www.metalworkautomation.it\/fr\/prodotti-e-progetti\/lignes-montage-semi-automatiques\/\" class=\"w-iconbox-link\" aria-label=\"LIGNES DE MONTAGE SEMI-AUTOMATIQUES\"><p class=\"w-iconbox-title\">LIGNES DE MONTAGE SEMI-AUTOMATIQUES<\/p><\/a><\/div><\/div><\/div><\/div><\/div><div class=\"vc_col-sm-3 wpb_column vc_column_container\"><div class=\"vc_column-inner\"><div class=\"wpb_wrapper\"><div class=\"w-iconbox iconpos_top style_default color_primary align_center no_text icontype_img\"><a title=\"Isola assemblaggio e collaudo - A\" href=\"https:\/\/www.metalworkautomation.it\/fr\/prodotti-e-progetti\/cellules-robotisees-pour-lasservissement-machines-outils\/\" class=\"w-iconbox-link\" aria-label=\"CELLULES ROBOTISEES POUR L\u2019ASSERVISSEMENT DES MACHINES-OUTILS\"><div class=\"w-iconbox-icon\" style=\"font-size:200px;\"><img loading=\"lazy\" decoding=\"async\" width=\"200\" height=\"200\" src=\"https:\/\/www.metalworkautomation.it\/wp-content\/uploads\/2022\/11\/Isole-robotizzate-asservimento-macchine-home.jpg\" class=\"attachment-full size-full\" alt=\"\" srcset=\"https:\/\/www.metalworkautomation.it\/wp-content\/uploads\/2022\/11\/Isole-robotizzate-asservimento-macchine-home.jpg 200w, https:\/\/www.metalworkautomation.it\/wp-content\/uploads\/2022\/11\/Isole-robotizzate-asservimento-macchine-home-150x150.jpg 150w\" sizes=\"auto, (max-width: 200px) 100vw, 200px\" \/><\/div><\/a><div class=\"w-iconbox-meta\"><a title=\"Isola assemblaggio e collaudo - A\" href=\"https:\/\/www.metalworkautomation.it\/fr\/prodotti-e-progetti\/cellules-robotisees-pour-lasservissement-machines-outils\/\" class=\"w-iconbox-link\" aria-label=\"CELLULES ROBOTISEES POUR L\u2019ASSERVISSEMENT DES MACHINES-OUTILS\"><p class=\"w-iconbox-title\">CELLULES ROBOTISEES POUR L\u2019ASSERVISSEMENT DES MACHINES-OUTILS<\/p><\/a><\/div><\/div><\/div><\/div><\/div><\/div><div class=\"w-separator size_small\"><\/div><\/div><\/div><\/div><\/div><\/div><\/section><section class=\"l-section wpb_row height_small\"><div class=\"l-section-h i-cf\"><div class=\"g-cols vc_row via_flex valign_top type_default stacking_default\"><div class=\"vc_col-sm-12 wpb_column vc_column_container\"><div class=\"vc_column-inner\"><div class=\"wpb_wrapper\"><div class=\"w-separator size_small\"><\/div><div class=\"g-cols wpb_row via_flex valign_top type_default stacking_default\"><div class=\"vc_col-sm-12 wpb_column vc_column_container\"><div class=\"vc_column-inner\"><div class=\"wpb_wrapper\"><div class=\"wpb_text_column\"><div class=\"wpb_wrapper\"><h3 style=\"text-align: center;\">Contacts<\/h3>\n<\/div><\/div><div class=\"wpb_text_column\"><div class=\"wpb_wrapper\"><p style=\"text-align: center;\">email: <a href=\"mailto:info@metalworkautomation.it\">info@metalworkautomation.it<\/a><br \/>\ntel: +39 030 2180916<\/p>\n<\/div><\/div><\/div><\/div><\/div><\/div><div class=\"w-separator size_small\"><\/div><\/div><\/div><\/div><\/div><\/div><\/section>\n","protected":false},"excerpt":{"rendered":"","protected":false},"author":11,"featured_media":0,"parent":0,"menu_order":0,"comment_status":"closed","ping_status":"closed","template":"","meta":{"_acf_changed":false,"footnotes":""},"class_list":["post-2648","page","type-page","status-publish","hentry"],"acf":[],"yoast_head":"<!-- This site is optimized with the Yoast SEO plugin v24.1 - https:\/\/yoast.com\/wordpress\/plugins\/seo\/ -->\n<title>Metal Work Automation<\/title>\n<meta name=\"description\" content=\"Metal Work Automation est une entreprise avec quarante ans d\u2019exp\u00e9rience dans le secteur de l\u2019automatisation, orient\u00e9e vers la r\u00e9alisation de projets con\u00e7us sur les exigences des clients.\" \/>\n<meta name=\"robots\" content=\"index, follow, max-snippet:-1, max-image-preview:large, max-video-preview:-1\" \/>\n<link rel=\"canonical\" href=\"https:\/\/www.metalworkautomation.it\/fr\/\" \/>\n<meta property=\"og:locale\" content=\"fr_FR\" \/>\n<meta property=\"og:type\" content=\"article\" \/>\n<meta property=\"og:title\" content=\"Metal Work Automation\" \/>\n<meta property=\"og:description\" content=\"Metal Work Automation est une entreprise avec quarante ans d\u2019exp\u00e9rience dans le secteur de l\u2019automatisation, orient\u00e9e vers la r\u00e9alisation de projets con\u00e7us sur les exigences des clients.\" \/>\n<meta property=\"og:url\" content=\"https:\/\/www.metalworkautomation.it\/fr\/\" \/>\n<meta property=\"og:site_name\" content=\"Metal Work Automation\" \/>\n<meta property=\"article:modified_time\" content=\"2025-06-23T09:59:02+00:00\" \/>\n<meta name=\"twitter:card\" content=\"summary_large_image\" \/>\n<meta name=\"twitter:label1\" content=\"Dur\u00e9e de lecture estim\u00e9e\" \/>\n\t<meta name=\"twitter:data1\" content=\"2 minutes\" \/>\n<script type=\"application\/ld+json\" class=\"yoast-schema-graph\">{\"@context\":\"https:\/\/schema.org\",\"@graph\":[{\"@type\":\"WebPage\",\"@id\":\"https:\/\/www.metalworkautomation.it\/fr\/\",\"url\":\"https:\/\/www.metalworkautomation.it\/fr\/\",\"name\":\"Metal Work Automation\",\"isPartOf\":{\"@id\":\"https:\/\/www.metalworkautomation.it\/#website\"},\"datePublished\":\"2019-06-10T08:23:52+00:00\",\"dateModified\":\"2025-06-23T09:59:02+00:00\",\"description\":\"Metal Work Automation est une entreprise avec quarante ans d\u2019exp\u00e9rience dans le secteur de l\u2019automatisation, orient\u00e9e vers la r\u00e9alisation de projets con\u00e7us sur les exigences des clients.\",\"breadcrumb\":{\"@id\":\"https:\/\/www.metalworkautomation.it\/fr\/#breadcrumb\"},\"inLanguage\":\"fr-FR\",\"potentialAction\":[{\"@type\":\"ReadAction\",\"target\":[\"https:\/\/www.metalworkautomation.it\/fr\/\"]}]},{\"@type\":\"BreadcrumbList\",\"@id\":\"https:\/\/www.metalworkautomation.it\/fr\/#breadcrumb\",\"itemListElement\":[{\"@type\":\"ListItem\",\"position\":1,\"name\":\"Home\",\"item\":\"https:\/\/www.metalworkautomation.it\/fr\/\"},{\"@type\":\"ListItem\",\"position\":2,\"name\":\"Home\"}]},{\"@type\":\"WebSite\",\"@id\":\"https:\/\/www.metalworkautomation.it\/#website\",\"url\":\"https:\/\/www.metalworkautomation.it\/\",\"name\":\"Metal Work Automation\",\"description\":\"\",\"potentialAction\":[{\"@type\":\"SearchAction\",\"target\":{\"@type\":\"EntryPoint\",\"urlTemplate\":\"https:\/\/www.metalworkautomation.it\/?s={search_term_string}\"},\"query-input\":{\"@type\":\"PropertyValueSpecification\",\"valueRequired\":true,\"valueName\":\"search_term_string\"}}],\"inLanguage\":\"fr-FR\"}]}<\/script>\n<!-- \/ Yoast SEO plugin. -->","yoast_head_json":{"title":"Metal Work Automation","description":"Metal Work Automation est une entreprise avec quarante ans d\u2019exp\u00e9rience dans le secteur de l\u2019automatisation, orient\u00e9e vers la r\u00e9alisation de projets con\u00e7us sur les exigences des clients.","robots":{"index":"index","follow":"follow","max-snippet":"max-snippet:-1","max-image-preview":"max-image-preview:large","max-video-preview":"max-video-preview:-1"},"canonical":"https:\/\/www.metalworkautomation.it\/fr\/","og_locale":"fr_FR","og_type":"article","og_title":"Metal Work Automation","og_description":"Metal Work Automation est une entreprise avec quarante ans d\u2019exp\u00e9rience dans le secteur de l\u2019automatisation, orient\u00e9e vers la r\u00e9alisation de projets con\u00e7us sur les exigences des clients.","og_url":"https:\/\/www.metalworkautomation.it\/fr\/","og_site_name":"Metal Work Automation","article_modified_time":"2025-06-23T09:59:02+00:00","twitter_card":"summary_large_image","twitter_misc":{"Dur\u00e9e de lecture estim\u00e9e":"2 minutes"},"schema":{"@context":"https:\/\/schema.org","@graph":[{"@type":"WebPage","@id":"https:\/\/www.metalworkautomation.it\/fr\/","url":"https:\/\/www.metalworkautomation.it\/fr\/","name":"Metal Work Automation","isPartOf":{"@id":"https:\/\/www.metalworkautomation.it\/#website"},"datePublished":"2019-06-10T08:23:52+00:00","dateModified":"2025-06-23T09:59:02+00:00","description":"Metal Work Automation est une entreprise avec quarante ans d\u2019exp\u00e9rience dans le secteur de l\u2019automatisation, orient\u00e9e vers la r\u00e9alisation de projets con\u00e7us sur les exigences des clients.","breadcrumb":{"@id":"https:\/\/www.metalworkautomation.it\/fr\/#breadcrumb"},"inLanguage":"fr-FR","potentialAction":[{"@type":"ReadAction","target":["https:\/\/www.metalworkautomation.it\/fr\/"]}]},{"@type":"BreadcrumbList","@id":"https:\/\/www.metalworkautomation.it\/fr\/#breadcrumb","itemListElement":[{"@type":"ListItem","position":1,"name":"Home","item":"https:\/\/www.metalworkautomation.it\/fr\/"},{"@type":"ListItem","position":2,"name":"Home"}]},{"@type":"WebSite","@id":"https:\/\/www.metalworkautomation.it\/#website","url":"https:\/\/www.metalworkautomation.it\/","name":"Metal Work Automation","description":"","potentialAction":[{"@type":"SearchAction","target":{"@type":"EntryPoint","urlTemplate":"https:\/\/www.metalworkautomation.it\/?s={search_term_string}"},"query-input":{"@type":"PropertyValueSpecification","valueRequired":true,"valueName":"search_term_string"}}],"inLanguage":"fr-FR"}]}},"_links":{"self":[{"href":"https:\/\/www.metalworkautomation.it\/fr\/wp-json\/wp\/v2\/pages\/2648","targetHints":{"allow":["GET"]}}],"collection":[{"href":"https:\/\/www.metalworkautomation.it\/fr\/wp-json\/wp\/v2\/pages"}],"about":[{"href":"https:\/\/www.metalworkautomation.it\/fr\/wp-json\/wp\/v2\/types\/page"}],"author":[{"embeddable":true,"href":"https:\/\/www.metalworkautomation.it\/fr\/wp-json\/wp\/v2\/users\/11"}],"replies":[{"embeddable":true,"href":"https:\/\/www.metalworkautomation.it\/fr\/wp-json\/wp\/v2\/comments?post=2648"}],"version-history":[{"count":5,"href":"https:\/\/www.metalworkautomation.it\/fr\/wp-json\/wp\/v2\/pages\/2648\/revisions"}],"predecessor-version":[{"id":2912,"href":"https:\/\/www.metalworkautomation.it\/fr\/wp-json\/wp\/v2\/pages\/2648\/revisions\/2912"}],"wp:attachment":[{"href":"https:\/\/www.metalworkautomation.it\/fr\/wp-json\/wp\/v2\/media?parent=2648"}],"curies":[{"name":"wp","href":"https:\/\/api.w.org\/{rel}","templated":true}]}}